{"id":695,"date":"2021-08-09T20:12:25","date_gmt":"2021-08-09T20:12:25","guid":{"rendered":"https:\/\/mono-log.pl\/?page_id=695"},"modified":"2024-07-22T10:30:35","modified_gmt":"2024-07-22T10:30:35","slug":"kontakt","status":"publish","type":"page","link":"https:\/\/durajswood.com\/en\/kontakt\/","title":{"rendered":"C O N T A C T"},"content":{"rendered":"<div data-elementor-type=\"wp-page\" data-elementor-id=\"695\" class=\"elementor elementor-695\">\n\t\t\t\t\t\t<section class=\"elementor-section elementor-top-section elementor-element elementor-element-c36dd40 elementor-section-stretched elementor-section-content-bottom elementor-section-boxed elementor-section-height-default elementor-section-height-default\" data-id=\"c36dd40\" data-element_type=\"section\" data-e-type=\"section\" data-settings=\"{&quot;stretch_section&quot;:&quot;section-stretched&quot;,&quot;background_background&quot;:&quot;classic&quot;}\">\n\t\t\t\t\t\t\t<div class=\"elementor-background-overlay\"><\/div>\n\t\t\t\t\t\t\t<div class=\"elementor-container elementor-column-gap-narrow\">\n\t\t\t\t\t<div class=\"elementor-column elementor-col-100 elementor-top-column elementor-element elementor-element-4eb7498\" data-id=\"4eb7498\" data-element_type=\"column\" data-e-type=\"column\">\n\t\t\t<div class=\"elementor-widget-wrap elementor-element-populated\">\n\t\t\t\t\t\t<section class=\"elementor-section elementor-inner-section elementor-element elementor-element-44d1cb9 elementor-section-content-bottom elementor-section-boxed elementor-section-height-default elementor-section-height-default\" data-id=\"44d1cb9\" data-element_type=\"section\" data-e-type=\"section\">\n\t\t\t\t\t\t<div class=\"elementor-container elementor-column-gap-default\">\n\t\t\t\t\t<div class=\"elementor-column elementor-col-100 elementor-inner-column elementor-element elementor-element-a21b355\" data-id=\"a21b355\" data-element_type=\"column\" data-e-type=\"column\">\n\t\t\t<div class=\"elementor-widget-wrap elementor-element-populated\">\n\t\t\t\t\t\t<div class=\"elementor-element elementor-element-d69c2a6 elementor-widget elementor-widget-heading\" data-id=\"d69c2a6\" data-element_type=\"widget\" data-e-type=\"widget\" data-widget_type=\"heading.default\">\n\t\t\t\t<div class=\"elementor-widget-container\">\n\t\t\t\t\t<h2 class=\"elementor-heading-title elementor-size-default\"><br>C O N T A C T<\/h2>\t\t\t\t<\/div>\n\t\t\t\t<\/div>\n\t\t\t\t\t<\/div>\n\t\t<\/div>\n\t\t\t\t\t<\/div>\n\t\t<\/section>\n\t\t\t\t\t<\/div>\n\t\t<\/div>\n\t\t\t\t\t<\/div>\n\t\t<\/section>\n\t\t\t\t<section class=\"elementor-section elementor-top-section elementor-element elementor-element-e195688 elementor-section-boxed elementor-section-height-default elementor-section-height-default\" data-id=\"e195688\" data-element_type=\"section\" data-e-type=\"section\">\n\t\t\t\t\t\t<div class=\"elementor-container elementor-column-gap-default\">\n\t\t\t\t\t<div class=\"elementor-column elementor-col-100 elementor-top-column elementor-element elementor-element-d84f149\" data-id=\"d84f149\" data-element_type=\"column\" data-e-type=\"column\">\n\t\t\t<div class=\"elementor-widget-wrap elementor-element-populated\">\n\t\t\t\t\t\t<div class=\"elementor-element elementor-element-5e75b2c elementor-widget elementor-widget-spacer\" data-id=\"5e75b2c\" data-element_type=\"widget\" data-e-type=\"widget\" data-widget_type=\"spacer.default\">\n\t\t\t\t<div class=\"elementor-widget-container\">\n\t\t\t\t\t\t\t<div class=\"elementor-spacer\">\n\t\t\t<div class=\"elementor-spacer-inner\"><\/div>\n\t\t<\/div>\n\t\t\t\t\t\t<\/div>\n\t\t\t\t<\/div>\n\t\t\t\t\t<\/div>\n\t\t<\/div>\n\t\t\t\t\t<\/div>\n\t\t<\/section>\n\t\t\t\t<section class=\"elementor-section elementor-top-section elementor-element elementor-element-579232e elementor-section-boxed elementor-section-height-default elementor-section-height-default\" data-id=\"579232e\" data-element_type=\"section\" data-e-type=\"section\">\n\t\t\t\t\t\t<div class=\"elementor-container elementor-column-gap-default\">\n\t\t\t\t\t<div class=\"elementor-column elementor-col-100 elementor-top-column elementor-element elementor-element-c916ec6\" data-id=\"c916ec6\" data-element_type=\"column\" data-e-type=\"column\">\n\t\t\t<div class=\"elementor-widget-wrap elementor-element-populated\">\n\t\t\t\t\t\t<div class=\"elementor-element elementor-element-8d23936 elementor-widget elementor-widget-heading\" data-id=\"8d23936\" data-element_type=\"widget\" data-e-type=\"widget\" data-widget_type=\"heading.default\">\n\t\t\t\t<div class=\"elementor-widget-container\">\n\t\t\t\t\t<h2 class=\"elementor-heading-title elementor-size-default\">INTERESTED IN PRICING OR HAVE AN ADDITIONAL QUESTIONS?<\/h2>\t\t\t\t<\/div>\n\t\t\t\t<\/div>\n\t\t\t\t\t<\/div>\n\t\t<\/div>\n\t\t\t\t\t<\/div>\n\t\t<\/section>\n\t\t\t\t<section class=\"elementor-section elementor-top-section elementor-element elementor-element-8cd14ce elementor-section-boxed elementor-section-height-default elementor-section-height-default\" data-id=\"8cd14ce\" data-element_type=\"section\" data-e-type=\"section\">\n\t\t\t\t\t\t<div class=\"elementor-container elementor-column-gap-default\">\n\t\t\t\t\t<div class=\"elementor-column elementor-col-100 elementor-top-column elementor-element elementor-element-98d786b\" data-id=\"98d786b\" data-element_type=\"column\" data-e-type=\"column\">\n\t\t\t<div class=\"elementor-widget-wrap elementor-element-populated\">\n\t\t\t\t\t\t<div class=\"elementor-element elementor-element-4f8397c elementor-widget elementor-widget-spacer\" data-id=\"4f8397c\" data-element_type=\"widget\" data-e-type=\"widget\" data-widget_type=\"spacer.default\">\n\t\t\t\t<div class=\"elementor-widget-container\">\n\t\t\t\t\t\t\t<div class=\"elementor-spacer\">\n\t\t\t<div class=\"elementor-spacer-inner\"><\/div>\n\t\t<\/div>\n\t\t\t\t\t\t<\/div>\n\t\t\t\t<\/div>\n\t\t\t\t\t<\/div>\n\t\t<\/div>\n\t\t\t\t\t<\/div>\n\t\t<\/section>\n\t\t\t\t<section class=\"elementor-section elementor-top-section elementor-element elementor-element-d1bfb25 elementor-section-stretched elementor-section-boxed elementor-section-height-default elementor-section-height-default\" data-id=\"d1bfb25\" data-element_type=\"section\" data-e-type=\"section\" data-settings=\"{&quot;stretch_section&quot;:&quot;section-stretched&quot;}\">\n\t\t\t\t\t\t<div class=\"elementor-container elementor-column-gap-default\">\n\t\t\t\t\t<div class=\"elementor-column elementor-col-100 elementor-top-column elementor-element elementor-element-21dc5f71\" data-id=\"21dc5f71\" data-element_type=\"column\" data-e-type=\"column\">\n\t\t\t<div class=\"elementor-widget-wrap\">\n\t\t\t\t\t\t\t<\/div>\n\t\t<\/div>\n\t\t\t\t\t<\/div>\n\t\t<\/section>\n\t\t\t\t<section class=\"elementor-section elementor-inner-section elementor-element elementor-element-6c19e44 elementor-reverse-mobile elementor-section-boxed elementor-section-height-default elementor-section-height-default\" data-id=\"6c19e44\" data-element_type=\"section\" data-e-type=\"section\">\n\t\t\t\t\t\t<div class=\"elementor-container elementor-column-gap-default\">\n\t\t\t\t\t<div class=\"elementor-column elementor-col-33 elementor-inner-column elementor-element elementor-element-3a2edb30\" data-id=\"3a2edb30\" data-element_type=\"column\" data-e-type=\"column\">\n\t\t\t<div class=\"elementor-widget-wrap elementor-element-populated\">\n\t\t\t\t\t\t<div class=\"elementor-element elementor-element-418546d8 elementor-view-default elementor-widget elementor-widget-icon\" data-id=\"418546d8\" data-element_type=\"widget\" data-e-type=\"widget\" data-widget_type=\"icon.default\">\n\t\t\t\t<div class=\"elementor-widget-container\">\n\t\t\t\t\t\t\t<div class=\"elementor-icon-wrapper\">\n\t\t\t<div class=\"elementor-icon\">\n\t\t\t<i aria-hidden=\"true\" class=\"fas fa-phone-alt\"><\/i>\t\t\t<\/div>\n\t\t<\/div>\n\t\t\t\t\t\t<\/div>\n\t\t\t\t<\/div>\n\t\t\t\t<div class=\"elementor-element elementor-element-6e44e2f8 elementor-widget elementor-widget-heading\" data-id=\"6e44e2f8\" data-element_type=\"widget\" data-e-type=\"widget\" data-widget_type=\"heading.default\">\n\t\t\t\t<div class=\"elementor-widget-container\">\n\t\t\t\t\t<h2 class=\"elementor-heading-title elementor-size-default\">C A L L \u2022 U S<\/h2>\t\t\t\t<\/div>\n\t\t\t\t<\/div>\n\t\t\t\t<div class=\"elementor-element elementor-element-640d9ff2 elementor-widget elementor-widget-text-editor\" data-id=\"640d9ff2\" data-element_type=\"widget\" data-e-type=\"widget\" data-widget_type=\"text-editor.default\">\n\t\t\t\t<div class=\"elementor-widget-container\">\n\t\t\t\t\t\t\t\t\t<p><span style=\"color: #7a7a7a; font-family: Roboto, sans-serif; font-size: 13px; text-align: start;\">P H O N E: <br>+48 696 804 063<\/span><\/p>\t\t\t\t\t\t\t\t<\/div>\n\t\t\t\t<\/div>\n\t\t\t\t\t<\/div>\n\t\t<\/div>\n\t\t\t\t<div class=\"elementor-column elementor-col-33 elementor-inner-column elementor-element elementor-element-3a6c2c68\" data-id=\"3a6c2c68\" data-element_type=\"column\" data-e-type=\"column\">\n\t\t\t<div class=\"elementor-widget-wrap elementor-element-populated\">\n\t\t\t\t\t\t<div class=\"elementor-element elementor-element-62fa65 elementor-view-default elementor-widget elementor-widget-icon\" data-id=\"62fa65\" data-element_type=\"widget\" data-e-type=\"widget\" data-widget_type=\"icon.default\">\n\t\t\t\t<div class=\"elementor-widget-container\">\n\t\t\t\t\t\t\t<div class=\"elementor-icon-wrapper\">\n\t\t\t<div class=\"elementor-icon\">\n\t\t\t<i aria-hidden=\"true\" class=\"fas fa-mail-bulk\"><\/i>\t\t\t<\/div>\n\t\t<\/div>\n\t\t\t\t\t\t<\/div>\n\t\t\t\t<\/div>\n\t\t\t\t<div class=\"elementor-element elementor-element-635fd751 elementor-widget elementor-widget-heading\" data-id=\"635fd751\" data-element_type=\"widget\" data-e-type=\"widget\" data-widget_type=\"heading.default\">\n\t\t\t\t<div class=\"elementor-widget-container\">\n\t\t\t\t\t<h2 class=\"elementor-heading-title elementor-size-default\">E - M A I L \u2022 U S<\/h2>\t\t\t\t<\/div>\n\t\t\t\t<\/div>\n\t\t\t\t<div class=\"elementor-element elementor-element-411ccc4e elementor-widget elementor-widget-text-editor\" data-id=\"411ccc4e\" data-element_type=\"widget\" data-e-type=\"widget\" data-widget_type=\"text-editor.default\">\n\t\t\t\t<div class=\"elementor-widget-container\">\n\t\t\t\t\t\t\t\t\t<p><span style=\"color: #7a7a7a; font-family: Roboto, sans-serif; font-size: 13px; text-align: start;\">E - M A I L:&nbsp;<br><\/span><span style=\"color: #7a7a7a; font-family: Roboto, sans-serif; font-size: 13px; text-align: start;\">kontakt@durajswood.com<\/span><\/p>\t\t\t\t\t\t\t\t<\/div>\n\t\t\t\t<\/div>\n\t\t\t\t\t<\/div>\n\t\t<\/div>\n\t\t\t\t<div class=\"elementor-column elementor-col-33 elementor-inner-column elementor-element elementor-element-6bd899ee\" data-id=\"6bd899ee\" data-element_type=\"column\" data-e-type=\"column\">\n\t\t\t<div class=\"elementor-widget-wrap elementor-element-populated\">\n\t\t\t\t\t\t<div class=\"elementor-element elementor-element-43e89d5f elementor-view-default elementor-widget elementor-widget-icon\" data-id=\"43e89d5f\" data-element_type=\"widget\" data-e-type=\"widget\" data-widget_type=\"icon.default\">\n\t\t\t\t<div class=\"elementor-widget-container\">\n\t\t\t\t\t\t\t<div class=\"elementor-icon-wrapper\">\n\t\t\t<div class=\"elementor-icon\">\n\t\t\t<i aria-hidden=\"true\" class=\"fas fa-home\"><\/i>\t\t\t<\/div>\n\t\t<\/div>\n\t\t\t\t\t\t<\/div>\n\t\t\t\t<\/div>\n\t\t\t\t<div class=\"elementor-element elementor-element-5247964d elementor-widget elementor-widget-heading\" data-id=\"5247964d\" data-element_type=\"widget\" data-e-type=\"widget\" data-widget_type=\"heading.default\">\n\t\t\t\t<div class=\"elementor-widget-container\">\n\t\t\t\t\t<h2 class=\"elementor-heading-title elementor-size-default\">V I S I T \u2022 U S<\/h2>\t\t\t\t<\/div>\n\t\t\t\t<\/div>\n\t\t\t\t<div class=\"elementor-element elementor-element-2dfea3f2 elementor-widget elementor-widget-text-editor\" data-id=\"2dfea3f2\" data-element_type=\"widget\" data-e-type=\"widget\" data-widget_type=\"text-editor.default\">\n\t\t\t\t<div class=\"elementor-widget-container\">\n\t\t\t\t\t\t\t\t\t<p><span style=\"color: rgb(122, 122, 122); font-family: Roboto, sans-serif; font-size: 13px; text-align: start;\">A D D R E S S:<br>Beskidzka 779,&nbsp;<\/span><span style=\"font-size: 13px; color: rgb(122, 122, 122); font-family: Roboto, sans-serif; text-align: start;\">34-382&nbsp;<\/span><span style=\"font-size: 13px; color: rgb(122, 122, 122); font-family: Roboto, sans-serif; text-align: start;\">Bystra, Poland<\/span><\/p>\t\t\t\t\t\t\t\t<\/div>\n\t\t\t\t<\/div>\n\t\t\t\t\t<\/div>\n\t\t<\/div>\n\t\t\t\t\t<\/div>\n\t\t<\/section>\n\t\t\t\t<section class=\"elementor-section elementor-top-section elementor-element elementor-element-b7eb7e0 elementor-section-stretched elementor-section-boxed elementor-section-height-default elementor-section-height-default\" data-id=\"b7eb7e0\" data-element_type=\"section\" data-e-type=\"section\" data-settings=\"{&quot;stretch_section&quot;:&quot;section-stretched&quot;}\">\n\t\t\t\t\t\t<div class=\"elementor-container elementor-column-gap-default\">\n\t\t\t\t\t<div class=\"elementor-column elementor-col-100 elementor-top-column elementor-element elementor-element-cc6cf6a elementor-hidden-tablet elementor-hidden-mobile\" data-id=\"cc6cf6a\" data-element_type=\"column\" data-e-type=\"column\">\n\t\t\t<div class=\"elementor-widget-wrap elementor-element-populated\">\n\t\t\t\t\t\t<div class=\"elementor-element elementor-element-6e34716 elementor-widget elementor-widget-text-editor\" data-id=\"6e34716\" data-element_type=\"widget\" data-e-type=\"widget\" data-widget_type=\"text-editor.default\">\n\t\t\t\t<div class=\"elementor-widget-container\">\n\t\t\t\t\t\t\t\t\t<p><em style=\"font-family: 'Open Sans Condensed', 'Open Sans'; font-size: 25px; text-align: center;\">If you have a special, wooden request, we are certainly able to fulfill it. Regardless of whether it will be an unusual floor or a completely non-standard product. As long as it is made of wood, we guarantee that it will be beautiful!<\/em><\/p>\t\t\t\t\t\t\t\t<\/div>\n\t\t\t\t<\/div>\n\t\t\t\t\t<\/div>\n\t\t<\/div>\n\t\t\t\t\t<\/div>\n\t\t<\/section>\n\t\t\t\t<section class=\"elementor-section elementor-top-section elementor-element elementor-element-428c953 elementor-section-boxed elementor-section-height-default elementor-section-height-default\" data-id=\"428c953\" data-element_type=\"section\" data-e-type=\"section\">\n\t\t\t\t\t\t<div class=\"elementor-container elementor-column-gap-default\">\n\t\t\t\t\t<div class=\"elementor-column elementor-col-100 elementor-top-column elementor-element elementor-element-f19011a\" data-id=\"f19011a\" data-element_type=\"column\" data-e-type=\"column\">\n\t\t\t<div class=\"elementor-widget-wrap elementor-element-populated\">\n\t\t\t\t\t\t<div class=\"elementor-element elementor-element-f533828 elementor-widget elementor-widget-spacer\" data-id=\"f533828\" data-element_type=\"widget\" data-e-type=\"widget\" data-widget_type=\"spacer.default\">\n\t\t\t\t<div class=\"elementor-widget-container\">\n\t\t\t\t\t\t\t<div class=\"elementor-spacer\">\n\t\t\t<div class=\"elementor-spacer-inner\"><\/div>\n\t\t<\/div>\n\t\t\t\t\t\t<\/div>\n\t\t\t\t<\/div>\n\t\t\t\t\t<\/div>\n\t\t<\/div>\n\t\t\t\t\t<\/div>\n\t\t<\/section>\n\t\t\t\t<\/div>","protected":false},"excerpt":{"rendered":"<p>KONTAKT Interesuje Ci\u0119 wycena lub masz dodatkowe pytania? ZADZWO\u0143 Telefon: +48 696 804 063 NAPISZ E-mail:&nbsp;kontakt@durajswood.com PRZYJED\u0179 Adres:ul. Beskidzka 779,&nbsp;34-382&nbsp;Bystra, Polska Je\u015bli masz specjalne, drewniane \u017cyczenie, to na pewno jeste\u015bmy w stanie je spe\u0142ni\u0107. Niezale\u017cnie od tego, czy b\u0119dzie to nietypowa pod\u0142oga, czy zupe\u0142nie niestandardowy produkt. Je\u015bli tylko jest z drewna, gwarantujemy, \u017ce b\u0119dzie pi\u0119kny!<\/p>","protected":false},"author":1,"featured_media":0,"parent":0,"menu_order":0,"comment_status":"closed","ping_status":"closed","template":"","meta":{"site-sidebar-layout":"default","site-content-layout":"default","ast-global-header-display":"","ast-main-header-display":"","ast-hfb-above-header-display":"","ast-hfb-below-header-display":"","ast-hfb-mobile-header-display":"","site-post-title":"","ast-breadcrumbs-content":"","ast-featured-img":"","footer-sml-layout":"","theme-transparent-header-meta":"default","adv-header-id-meta":"","stick-header-meta":"","header-above-stick-meta":"","header-main-stick-meta":"","header-below-stick-meta":"","footnotes":""},"class_list":["post-695","page","type-page","status-publish","hentry"],"yoast_head":"<!-- This site is optimized with the Yoast SEO plugin v27.3 - https:\/\/yoast.com\/product\/yoast-seo-wordpress\/ -->\n<title>Kontakt - Duraj&#039;s Wood<\/title>\n<meta name=\"description\" content=\"Skontaktuj si\u0119 z nami. Oferujemy najd\u0142u\u017csze na rynku deski pod\u0142ogowe, innowacyjny system tarasowy, panele \u015bcienne oraz meble\" \/>\n<meta name=\"robots\" content=\"index, follow, max-snippet:-1, max-image-preview:large, max-video-preview:-1\" \/>\n<link rel=\"canonical\" href=\"https:\/\/durajswood.com\/en\/kontakt\/\" \/>\n<meta property=\"og:locale\" content=\"en_GB\" \/>\n<meta property=\"og:type\" content=\"article\" \/>\n<meta property=\"og:title\" content=\"Kontakt - Duraj&#039;s Wood\" \/>\n<meta property=\"og:description\" content=\"Skontaktuj si\u0119 z nami. Oferujemy najd\u0142u\u017csze na rynku deski pod\u0142ogowe, innowacyjny system tarasowy, panele \u015bcienne oraz meble\" \/>\n<meta property=\"og:url\" content=\"https:\/\/durajswood.com\/en\/kontakt\/\" \/>\n<meta property=\"og:site_name\" content=\"Duraj&#039;s Wood\" \/>\n<meta property=\"article:modified_time\" content=\"2024-07-22T10:30:35+00:00\" \/>\n<meta name=\"twitter:card\" content=\"summary_large_image\" \/>\n<meta name=\"twitter:label1\" content=\"Estimated reading time\" \/>\n\t<meta name=\"twitter:data1\" content=\"1 minute\" \/>\n<script type=\"application\/ld+json\" class=\"yoast-schema-graph\">{\"@context\":\"https:\\\/\\\/schema.org\",\"@graph\":[{\"@type\":\"WebPage\",\"@id\":\"https:\\\/\\\/durajswood.com\\\/kontakt\\\/\",\"url\":\"https:\\\/\\\/durajswood.com\\\/kontakt\\\/\",\"name\":\"Kontakt - Duraj&#039;s Wood\",\"isPartOf\":{\"@id\":\"https:\\\/\\\/durajswood.com\\\/#website\"},\"datePublished\":\"2021-08-09T20:12:25+00:00\",\"dateModified\":\"2024-07-22T10:30:35+00:00\",\"description\":\"Skontaktuj si\u0119 z nami. Oferujemy najd\u0142u\u017csze na rynku deski pod\u0142ogowe, innowacyjny system tarasowy, panele \u015bcienne oraz meble\",\"breadcrumb\":{\"@id\":\"https:\\\/\\\/durajswood.com\\\/kontakt\\\/#breadcrumb\"},\"inLanguage\":\"en-GB\",\"potentialAction\":[{\"@type\":\"ReadAction\",\"target\":[\"https:\\\/\\\/durajswood.com\\\/kontakt\\\/\"]}]},{\"@type\":\"BreadcrumbList\",\"@id\":\"https:\\\/\\\/durajswood.com\\\/kontakt\\\/#breadcrumb\",\"itemListElement\":[{\"@type\":\"ListItem\",\"position\":1,\"name\":\"Strona g\u0142\u00f3wna\",\"item\":\"https:\\\/\\\/durajswood.com\\\/\"},{\"@type\":\"ListItem\",\"position\":2,\"name\":\"K O N T A K T\"}]},{\"@type\":\"WebSite\",\"@id\":\"https:\\\/\\\/durajswood.com\\\/#website\",\"url\":\"https:\\\/\\\/durajswood.com\\\/\",\"name\":\"Duraj&#039;s Wood\",\"description\":\"Drewno w ka\u017cdym wymiarze\",\"publisher\":{\"@id\":\"https:\\\/\\\/durajswood.com\\\/#organization\"},\"potentialAction\":[{\"@type\":\"SearchAction\",\"target\":{\"@type\":\"EntryPoint\",\"urlTemplate\":\"https:\\\/\\\/durajswood.com\\\/?s={search_term_string}\"},\"query-input\":{\"@type\":\"PropertyValueSpecification\",\"valueRequired\":true,\"valueName\":\"search_term_string\"}}],\"inLanguage\":\"en-GB\"},{\"@type\":\"Organization\",\"@id\":\"https:\\\/\\\/durajswood.com\\\/#organization\",\"name\":\"Duraj's Wood\",\"url\":\"https:\\\/\\\/durajswood.com\\\/\",\"logo\":{\"@type\":\"ImageObject\",\"inLanguage\":\"en-GB\",\"@id\":\"https:\\\/\\\/durajswood.com\\\/#\\\/schema\\\/logo\\\/image\\\/\",\"url\":\"https:\\\/\\\/i0.wp.com\\\/mono-log.pl\\\/wp-content\\\/uploads\\\/2022\\\/05\\\/LOGO_Durajs_Wood.png?fit=11424%2C1799&ssl=1\",\"contentUrl\":\"https:\\\/\\\/i0.wp.com\\\/mono-log.pl\\\/wp-content\\\/uploads\\\/2022\\\/05\\\/LOGO_Durajs_Wood.png?fit=11424%2C1799&ssl=1\",\"width\":11424,\"height\":1799,\"caption\":\"Duraj's Wood\"},\"image\":{\"@id\":\"https:\\\/\\\/durajswood.com\\\/#\\\/schema\\\/logo\\\/image\\\/\"}}]}<\/script>\n<!-- \/ Yoast SEO plugin. -->","yoast_head_json":{"title":"Kontakt - Duraj&#039;s Wood","description":"Skontaktuj si\u0119 z nami. Oferujemy najd\u0142u\u017csze na rynku deski pod\u0142ogowe, innowacyjny system tarasowy, panele \u015bcienne oraz meble","robots":{"index":"index","follow":"follow","max-snippet":"max-snippet:-1","max-image-preview":"max-image-preview:large","max-video-preview":"max-video-preview:-1"},"canonical":"https:\/\/durajswood.com\/en\/kontakt\/","og_locale":"en_GB","og_type":"article","og_title":"Kontakt - Duraj&#039;s Wood","og_description":"Skontaktuj si\u0119 z nami. Oferujemy najd\u0142u\u017csze na rynku deski pod\u0142ogowe, innowacyjny system tarasowy, panele \u015bcienne oraz meble","og_url":"https:\/\/durajswood.com\/en\/kontakt\/","og_site_name":"Duraj&#039;s Wood","article_modified_time":"2024-07-22T10:30:35+00:00","twitter_card":"summary_large_image","twitter_misc":{"Estimated reading time":"1 minute"},"schema":{"@context":"https:\/\/schema.org","@graph":[{"@type":"WebPage","@id":"https:\/\/durajswood.com\/kontakt\/","url":"https:\/\/durajswood.com\/kontakt\/","name":"Kontakt - Duraj&#039;s Wood","isPartOf":{"@id":"https:\/\/durajswood.com\/#website"},"datePublished":"2021-08-09T20:12:25+00:00","dateModified":"2024-07-22T10:30:35+00:00","description":"Skontaktuj si\u0119 z nami. Oferujemy najd\u0142u\u017csze na rynku deski pod\u0142ogowe, innowacyjny system tarasowy, panele \u015bcienne oraz meble","breadcrumb":{"@id":"https:\/\/durajswood.com\/kontakt\/#breadcrumb"},"inLanguage":"en-GB","potentialAction":[{"@type":"ReadAction","target":["https:\/\/durajswood.com\/kontakt\/"]}]},{"@type":"BreadcrumbList","@id":"https:\/\/durajswood.com\/kontakt\/#breadcrumb","itemListElement":[{"@type":"ListItem","position":1,"name":"Strona g\u0142\u00f3wna","item":"https:\/\/durajswood.com\/"},{"@type":"ListItem","position":2,"name":"K O N T A K T"}]},{"@type":"WebSite","@id":"https:\/\/durajswood.com\/#website","url":"https:\/\/durajswood.com\/","name":"Duraj&#039;s Wood","description":"Drewno w ka\u017cdym wymiarze","publisher":{"@id":"https:\/\/durajswood.com\/#organization"},"potentialAction":[{"@type":"SearchAction","target":{"@type":"EntryPoint","urlTemplate":"https:\/\/durajswood.com\/?s={search_term_string}"},"query-input":{"@type":"PropertyValueSpecification","valueRequired":true,"valueName":"search_term_string"}}],"inLanguage":"en-GB"},{"@type":"Organization","@id":"https:\/\/durajswood.com\/#organization","name":"Duraj's Wood","url":"https:\/\/durajswood.com\/","logo":{"@type":"ImageObject","inLanguage":"en-GB","@id":"https:\/\/durajswood.com\/#\/schema\/logo\/image\/","url":"https:\/\/i0.wp.com\/mono-log.pl\/wp-content\/uploads\/2022\/05\/LOGO_Durajs_Wood.png?fit=11424%2C1799&ssl=1","contentUrl":"https:\/\/i0.wp.com\/mono-log.pl\/wp-content\/uploads\/2022\/05\/LOGO_Durajs_Wood.png?fit=11424%2C1799&ssl=1","width":11424,"height":1799,"caption":"Duraj's Wood"},"image":{"@id":"https:\/\/durajswood.com\/#\/schema\/logo\/image\/"}}]}},"jetpack_sharing_enabled":true,"_links":{"self":[{"href":"https:\/\/durajswood.com\/en\/wp-json\/wp\/v2\/pages\/695","targetHints":{"allow":["GET"]}}],"collection":[{"href":"https:\/\/durajswood.com\/en\/wp-json\/wp\/v2\/pages"}],"about":[{"href":"https:\/\/durajswood.com\/en\/wp-json\/wp\/v2\/types\/page"}],"author":[{"embeddable":true,"href":"https:\/\/durajswood.com\/en\/wp-json\/wp\/v2\/users\/1"}],"replies":[{"embeddable":true,"href":"https:\/\/durajswood.com\/en\/wp-json\/wp\/v2\/comments?post=695"}],"version-history":[{"count":206,"href":"https:\/\/durajswood.com\/en\/wp-json\/wp\/v2\/pages\/695\/revisions"}],"predecessor-version":[{"id":7613,"href":"https:\/\/durajswood.com\/en\/wp-json\/wp\/v2\/pages\/695\/revisions\/7613"}],"wp:attachment":[{"href":"https:\/\/durajswood.com\/en\/wp-json\/wp\/v2\/media?parent=695"}],"curies":[{"name":"wp","href":"https:\/\/api.w.org\/{rel}","templated":true}]}}